{"id":3049,"date":"2026-01-09T10:56:20","date_gmt":"2026-01-09T09:56:20","guid":{"rendered":"https:\/\/dev.taksea.fr\/les-bateaux\/"},"modified":"2026-04-01T17:04:00","modified_gmt":"2026-04-01T15:04:00","slug":"boats-excursion-saint-raphael","status":"publish","type":"page","link":"https:\/\/www.taksea.fr\/en\/boats-excursion-saint-raphael\/","title":{"rendered":"The boats"},"content":{"rendered":"\t\t<div data-elementor-type=\"wp-page\" data-elementor-id=\"3049\" class=\"elementor elementor-3049 elementor-34\" data-elementor-post-type=\"page\">\n\t\t\t\t<div class=\"elementor-element elementor-element-4582489 e-flex e-con-boxed e-con e-parent\" data-id=\"4582489\" data-element_type=\"container\" data-e-type=\"container\">\n\t\t\t\t\t<div class=\"e-con-inner\">\n\t\t\t\t<div class=\"elementor-element elementor-element-0d1baba elementor-widget elementor-widget-heading\" data-id=\"0d1baba\" data-element_type=\"widget\" data-e-type=\"widget\" data-widget_type=\"heading.default\">\n\t\t\t\t\t<h1 class=\"elementor-heading-title elementor-size-default\">Our boats<\/h1>\t\t\t\t<\/div>\n\t\t\t\t<div class=\"elementor-element elementor-element-67bd105 elementor-widget-divider--view-line elementor-widget elementor-widget-divider\" data-id=\"67bd105\" data-element_type=\"widget\" data-e-type=\"widget\" data-widget_type=\"divider.default\">\n\t\t\t\t\t\t\t<div class=\"elementor-divider\">\n\t\t\t<span class=\"elementor-divider-separator\">\n\t\t\t\t\t\t<\/span>\n\t\t<\/div>\n\t\t\t\t\t\t<\/div>\n\t\t\t\t\t<\/div>\n\t\t\t\t<\/div>\n\t\t<div class=\"elementor-element elementor-element-9778a3b e-flex e-con-boxed e-con e-parent\" data-id=\"9778a3b\" data-element_type=\"container\" data-e-type=\"container\">\n\t\t\t\t\t<div class=\"e-con-inner\">\n\t\t<div class=\"elementor-element elementor-element-fab166b e-con-full e-flex e-con e-child\" data-id=\"fab166b\" data-element_type=\"container\" data-e-type=\"container\">\n\t\t<div class=\"elementor-element elementor-element-c63b7f3 e-con-full e-flex e-con e-child\" data-id=\"c63b7f3\" data-element_type=\"container\" data-e-type=\"container\" data-settings=\"{&quot;background_background&quot;:&quot;slideshow&quot;,&quot;background_slideshow_gallery&quot;:[{&quot;id&quot;:2994,&quot;url&quot;:&quot;https:\\\/\\\/www.taksea.fr\\\/wp-content\\\/uploads\\\/2026\\\/03\\\/bateau-exploration-excursion-mer-saint-raphael.jpg&quot;},{&quot;id&quot;:2741,&quot;url&quot;:&quot;https:\\\/\\\/www.taksea.fr\\\/wp-content\\\/uploads\\\/2026\\\/01\\\/balade-maritime-esterel-cotes-dechiquetees-saint-raphael.jpg&quot;},{&quot;id&quot;:1907,&quot;url&quot;:&quot;https:\\\/\\\/www.taksea.fr\\\/wp-content\\\/uploads\\\/2026\\\/01\\\/f57d7c71-0669-45a2-b181-429c720c331e.jpg&quot;},{&quot;id&quot;:1909,&quot;url&quot;:&quot;https:\\\/\\\/www.taksea.fr\\\/wp-content\\\/uploads\\\/2026\\\/01\\\/Coucher-de-soleil-Lerins-copie.jpeg&quot;}],&quot;background_slideshow_slide_duration&quot;:1000,&quot;background_slideshow_loop&quot;:&quot;yes&quot;,&quot;background_slideshow_slide_transition&quot;:&quot;fade&quot;,&quot;background_slideshow_transition_duration&quot;:500}\">\n\t\t\t\t<\/div>\n\t\t<div class=\"elementor-element elementor-element-22fdd28 e-con-full e-flex e-con e-child\" data-id=\"22fdd28\" data-element_type=\"container\" data-e-type=\"container\" data-settings=\"{&quot;background_background&quot;:&quot;classic&quot;}\">\n\t\t\t\t<div class=\"elementor-element elementor-element-c139933 elementor-widget elementor-widget-heading\" data-id=\"c139933\" data-element_type=\"widget\" data-e-type=\"widget\" data-widget_type=\"heading.default\">\n\t\t\t\t\t<h3 class=\"elementor-heading-title elementor-size-default\">4 exploration boats<\/h3>\t\t\t\t<\/div>\n\t\t\t\t<div class=\"elementor-element elementor-element-c29ee18 elementor-widget-divider--view-line elementor-widget elementor-widget-divider\" data-id=\"c29ee18\" data-element_type=\"widget\" data-e-type=\"widget\" data-widget_type=\"divider.default\">\n\t\t\t\t\t\t\t<div class=\"elementor-divider\">\n\t\t\t<span class=\"elementor-divider-separator\">\n\t\t\t\t\t\t<\/span>\n\t\t<\/div>\n\t\t\t\t\t\t<\/div>\n\t\t\t\t<div class=\"elementor-element elementor-element-7354498 elementor-widget elementor-widget-text-editor\" data-id=\"7354498\" data-element_type=\"widget\" data-e-type=\"widget\" data-widget_type=\"text-editor.default\">\n\t\t\t\t\t\t\t\t\t<ul>\n  <li>Up to 12 passengers &#038; 1 professional captain, dedicated and attentive<\/li>\n  <li>\u201cWave-piercing\u201d hull for optimal comfort and safety<\/li>\n  <li>Jockey seats designed to prevent back discomfort in waves, unlike traditional boats<\/li>\n  <li>Individual waterproof storage compartments under each seat for your belongings<\/li>\n  <li>325 HP engine \u2013 Twin propellers for performance, enhanced safety in rough seas, and reduced pollution<\/li>\n  <li>Fully offset CO\u2082 emissions<\/li>\n  <li>Swimming ladder, freshwater shower and Bluetooth sound system to enjoy relaxing moments at anchor<\/li>\n  <li>Masks and snorkels available on board to explore the seabed<\/li>\n<\/ul>\n<ul>\n  <li>Up to 12 passengers &#038; 1 professional captain, dedicated and attentive<\/li>\n  <li>\u201cWave-piercing\u201d hull for optimal comfort and safety<\/li>\n  <li>Jockey seats designed to prevent back discomfort in waves, unlike traditional boats<\/li>\n  <li>Individual waterproof storage compartments under each seat for your belongings<\/li>\n  <li>325 HP engine \u2013 Twin propellers for performance, enhanced safety in rough seas, and reduced pollution<\/li>\n  <li>Fully offset CO\u2082 emissions<\/li>\n  <li>Swimming ladder, freshwater shower and Bluetooth sound system to enjoy relaxing moments at anchor<\/li>\n  <li>Masks and snorkels available on board to explore the seabed<\/li>\n<\/ul>\t\t\t\t\t\t\t\t<\/div>\n\t\t\t\t<div class=\"elementor-element elementor-element-aa9d673 elementor-align-center elementor-widget elementor-widget-button\" data-id=\"aa9d673\" data-element_type=\"widget\" data-e-type=\"widget\" data-widget_type=\"button.default\">\n\t\t\t\t\t\t\t\t\t\t<a class=\"elementor-button elementor-button-link elementor-size-sm elementor-animation-shrink\" href=\"https:\/\/www.taksea.fr\/en\/our-excursions\/?jsf=jet-engine:querexcur&#038;tax=type-de-bateau:63\">\n\t\t\t\t\t\t<span class=\"elementor-button-content-wrapper\">\n\t\t\t\t\t\t\t\t\t<span class=\"elementor-button-text\">Come aboard <\/span>\n\t\t\t\t\t<\/span>\n\t\t\t\t\t<\/a>\n\t\t\t\t\t\t\t\t<\/div>\n\t\t\t\t<\/div>\n\t\t\t\t<\/div>\n\t\t<div class=\"elementor-element elementor-element-4270046 e-con-full e-flex e-con e-child\" data-id=\"4270046\" data-element_type=\"container\" data-e-type=\"container\">\n\t\t<div class=\"elementor-element elementor-element-b6f7a1b e-con-full e-flex e-con e-child\" data-id=\"b6f7a1b\" data-element_type=\"container\" data-e-type=\"container\" data-settings=\"{&quot;background_background&quot;:&quot;slideshow&quot;,&quot;background_slideshow_gallery&quot;:[{&quot;id&quot;:2271,&quot;url&quot;:&quot;https:\\\/\\\/www.taksea.fr\\\/wp-content\\\/uploads\\\/2026\\\/03\\\/bateau-simone-excursion-mer-saint-raphael.jpg&quot;},{&quot;id&quot;:2806,&quot;url&quot;:&quot;https:\\\/\\\/www.taksea.fr\\\/wp-content\\\/uploads\\\/2026\\\/01\\\/balade-mer-esterel-equipage-simone.jpg&quot;},{&quot;id&quot;:2905,&quot;url&quot;:&quot;https:\\\/\\\/www.taksea.fr\\\/wp-content\\\/uploads\\\/2026\\\/01\\\/croisiere-mer-pampelonne-eaux-claires.jpg&quot;},{&quot;id&quot;:2914,&quot;url&quot;:&quot;https:\\\/\\\/www.taksea.fr\\\/wp-content\\\/uploads\\\/2026\\\/01\\\/rret-ancre-croisiere-littoral-simone.jpg&quot;}],&quot;background_slideshow_slide_duration&quot;:1500,&quot;background_slideshow_loop&quot;:&quot;yes&quot;,&quot;background_slideshow_slide_transition&quot;:&quot;fade&quot;,&quot;background_slideshow_transition_duration&quot;:500}\">\n\t\t\t\t<\/div>\n\t\t<div class=\"elementor-element elementor-element-fcb9292 e-con-full e-flex e-con e-child\" data-id=\"fcb9292\" data-element_type=\"container\" data-e-type=\"container\" data-settings=\"{&quot;background_background&quot;:&quot;classic&quot;}\">\n\t\t\t\t<div class=\"elementor-element elementor-element-074ff40 elementor-widget elementor-widget-heading\" data-id=\"074ff40\" data-element_type=\"widget\" data-e-type=\"widget\" data-widget_type=\"heading.default\">\n\t\t\t\t\t<h3 class=\"elementor-heading-title elementor-size-default\">Simone, the flagship<\/h3>\t\t\t\t<\/div>\n\t\t\t\t<div class=\"elementor-element elementor-element-c4c0f67 elementor-widget-divider--view-line elementor-widget elementor-widget-divider\" data-id=\"c4c0f67\" data-element_type=\"widget\" data-e-type=\"widget\" data-widget_type=\"divider.default\">\n\t\t\t\t\t\t\t<div class=\"elementor-divider\">\n\t\t\t<span class=\"elementor-divider-separator\">\n\t\t\t\t\t\t<\/span>\n\t\t<\/div>\n\t\t\t\t\t\t<\/div>\n\t\t\t\t<div class=\"elementor-element elementor-element-9c3fcc0 elementor-widget elementor-widget-text-editor\" data-id=\"9c3fcc0\" data-element_type=\"widget\" data-e-type=\"widget\" data-widget_type=\"text-editor.default\">\n\t\t\t\t\t\t\t\t\t<ul><li>Up to 32 passengers and 2 crew members to take care of you<\/li><li>\u201cWave-piercing\u201d hull for optimal comfort and safety<\/li><li>Teak deck and generous shaded areas<\/li><li>Fully offset CO\u2082 emissions<\/li><li>Tables, sunbeds, and lounge area (configuration depending on the excursion)<\/li><li>4 paddle boards + 6 m\u00b2 swim platform<\/li><li>Sound system and catering area with fridge<\/li><li>Masks and snorkels available on board<\/li><\/ul>\t\t\t\t\t\t\t\t<\/div>\n\t\t\t\t<div class=\"elementor-element elementor-element-c4f50bb elementor-align-center elementor-widget elementor-widget-button\" data-id=\"c4f50bb\" data-element_type=\"widget\" data-e-type=\"widget\" data-widget_type=\"button.default\">\n\t\t\t\t\t\t\t\t\t\t<a class=\"elementor-button elementor-button-link elementor-size-sm elementor-animation-shrink\" href=\"https:\/\/www.taksea.fr\/en\/our-excursions\/?jsf=jet-engine:querexcur&#038;tax=type-de-bateau:91\">\n\t\t\t\t\t\t<span class=\"elementor-button-content-wrapper\">\n\t\t\t\t\t\t\t\t\t<span class=\"elementor-button-text\">Come aboard <\/span>\n\t\t\t\t\t<\/span>\n\t\t\t\t\t<\/a>\n\t\t\t\t\t\t\t\t<\/div>\n\t\t\t\t<\/div>\n\t\t\t\t<\/div>\n\t\t\t\t\t<\/div>\n\t\t\t\t<\/div>\n\t\t<div class=\"elementor-element elementor-element-c772513 e-flex e-con-boxed e-con e-parent\" data-id=\"c772513\" data-element_type=\"container\" data-e-type=\"container\">\n\t\t\t\t\t<div class=\"e-con-inner\">\n\t\t<div class=\"elementor-element elementor-element-3a06463 e-con-full e-flex e-con e-child\" data-id=\"3a06463\" data-element_type=\"container\" data-e-type=\"container\" data-settings=\"{&quot;background_background&quot;:&quot;classic&quot;}\">\n\t\t\t\t<div class=\"elementor-element elementor-element-7172de7 elementor-widget elementor-widget-text-editor\" data-id=\"7172de7\" data-element_type=\"widget\" data-e-type=\"widget\" data-widget_type=\"text-editor.default\">\n\t\t\t\t\t\t\t\t\t<p data-start=\"0\" data-end=\"361\">Since 2015, we have been offering sea excursions departing from Saint-Rapha\u00ebl, Fr\u00e9jus, and Agay. Whether exploring the calanques of the Est\u00e9rel, encountering dolphins and cetaceans in the Pelagos Sanctuary, heading to the village of Saint-Tropez, or enjoying a picnic on the wild beaches of Cap Taillat, we have developed a very specific type of boat over time.<\/p><p data-start=\"363\" data-end=\"554\" data-is-last-node=\"\" data-is-only-node=\"\">Our boats are rigid inflatable exploration vessels, true \u201c4\u00d74 of the seas,\u201d designed to access places most other boats cannot reach, while combining comfort, enjoyment, and above all, SAFETY.<\/p>\t\t\t\t\t\t\t\t<\/div>\n\t\t\t\t<\/div>\n\t\t<div class=\"elementor-element elementor-element-e6e4098 e-con-full elementor-hidden-tablet_extra e-flex e-con e-child\" data-id=\"e6e4098\" data-element_type=\"container\" data-e-type=\"container\" data-settings=\"{&quot;background_background&quot;:&quot;slideshow&quot;,&quot;background_slideshow_gallery&quot;:[{&quot;id&quot;:3047,&quot;url&quot;:&quot;https:\\\/\\\/www.taksea.fr\\\/wp-content\\\/uploads\\\/2026\\\/01\\\/les-bateaux-1.jpg&quot;}],&quot;background_slideshow_loop&quot;:&quot;yes&quot;,&quot;background_slideshow_slide_duration&quot;:5000,&quot;background_slideshow_slide_transition&quot;:&quot;fade&quot;,&quot;background_slideshow_transition_duration&quot;:500}\">\n\t\t\t\t<\/div>\n\t\t<div class=\"elementor-element elementor-element-3a699c6 e-con-full e-flex e-con e-child\" data-id=\"3a699c6\" data-element_type=\"container\" data-e-type=\"container\" data-settings=\"{&quot;background_background&quot;:&quot;classic&quot;}\">\n\t\t\t\t<div class=\"elementor-element elementor-element-56dcc33 elementor-widget elementor-widget-text-editor\" data-id=\"56dcc33\" data-element_type=\"widget\" data-e-type=\"widget\" data-widget_type=\"text-editor.default\">\n\t\t\t\t\t\t\t\t\t<p data-start=\"0\" data-end=\"169\">Our very shallow draft allows us to get incredibly close, navigating through the Est\u00e9rel calanques and their caves, almost brushing the rocks on either side of the boat.<\/p><p data-start=\"171\" data-end=\"398\">Of course, our fleet of excursion boats based in Saint-Rapha\u00ebl consists exclusively of professional vessels that comply with all regulatory requirements, ensuring reliability and safety for you, your children, and your friends.<\/p><p data-start=\"400\" data-end=\"518\" data-is-last-node=\"\" data-is-only-node=\"\">So don\u2019t hesitate any longer\u2014our entire team is ready to welcome you for your most memorable experiences on the water!<\/p>\t\t\t\t\t\t\t\t<\/div>\n\t\t\t\t<\/div>\n\t\t\t\t\t<\/div>\n\t\t\t\t<\/div>\n\t\t\t\t<\/div>\n\t\t","protected":false},"excerpt":{"rendered":"<p>Our boats 4 exploration boats Up to 12 passengers &#038; 1 professional captain, dedicated and attentive \u201cWave-piercing\u201d hull for optimal comfort and safety Jockey seats designed to prevent back discomfort in waves, unlike traditional boats Individual waterproof storage compartments under each seat for your belongings 325 HP engine \u2013 Twin propellers for performance, enhanced safety [&hellip;]<\/p>\n","protected":false},"author":1,"featured_media":0,"parent":0,"menu_order":10,"comment_status":"closed","ping_status":"closed","template":"","meta":{"footnotes":""},"class_list":["post-3049","page","type-page","status-publish","hentry"],"yoast_head":"<!-- This site is optimized with the Yoast SEO plugin v27.3 - https:\/\/yoast.com\/product\/yoast-seo-wordpress\/ -->\n<title>Our boats - Discover our exploration boats - Comfort and pleasure<\/title>\n<meta name=\"description\" content=\"Our boats are exploration RIBS , real \u201c4\u00d74\u201d of the seas, which allow access to places where most other boats cannot go, while combining comfort, pleasure and above all SAFETY.\" \/>\n<meta name=\"robots\" content=\"index, follow, max-snippet:-1, max-image-preview:large, max-video-preview:-1\" \/>\n<link rel=\"canonical\" href=\"https:\/\/www.taksea.fr\/en\/boats-excursion-saint-raphael\/\" \/>\n<meta property=\"og:locale\" content=\"en_US\" \/>\n<meta property=\"og:type\" content=\"article\" \/>\n<meta property=\"og:title\" content=\"Our boats - Discover our exploration boats - Comfort and pleasure\" \/>\n<meta property=\"og:description\" content=\"Our boats are exploration RIBS , real \u201c4\u00d74\u201d of the seas, which allow access to places where most other boats cannot go, while combining comfort, pleasure and above all SAFETY.\" \/>\n<meta property=\"og:url\" content=\"https:\/\/www.taksea.fr\/en\/boats-excursion-saint-raphael\/\" \/>\n<meta property=\"og:site_name\" content=\"TakSea\" \/>\n<meta property=\"article:publisher\" content=\"https:\/\/www.facebook.com\/TakSea83700\/?ref=ts&amp;fref=ts\" \/>\n<meta property=\"article:modified_time\" content=\"2026-04-01T15:04:00+00:00\" \/>\n<meta property=\"og:image\" content=\"https:\/\/www.taksea.fr\/wp-content\/uploads\/2026\/01\/hotspot-taksea.jpg\" \/>\n\t<meta property=\"og:image:width\" content=\"1697\" \/>\n\t<meta property=\"og:image:height\" content=\"1131\" \/>\n\t<meta property=\"og:image:type\" content=\"image\/jpeg\" \/>\n<meta name=\"twitter:card\" content=\"summary_large_image\" \/>\n<meta name=\"twitter:label1\" content=\"Est. reading time\" \/>\n\t<meta name=\"twitter:data1\" content=\"2 minutes\" \/>\n<script type=\"application\/ld+json\" class=\"yoast-schema-graph\">{\"@context\":\"https:\\\/\\\/schema.org\",\"@graph\":[{\"@type\":\"WebPage\",\"@id\":\"https:\\\/\\\/www.taksea.fr\\\/en\\\/boats-excursion-saint-raphael\\\/\",\"url\":\"https:\\\/\\\/www.taksea.fr\\\/en\\\/boats-excursion-saint-raphael\\\/\",\"name\":\"Our boats - Discover our exploration boats - Comfort and pleasure\",\"isPartOf\":{\"@id\":\"https:\\\/\\\/www.taksea.fr\\\/en\\\/#website\"},\"datePublished\":\"2026-01-09T09:56:20+00:00\",\"dateModified\":\"2026-04-01T15:04:00+00:00\",\"description\":\"Our boats are exploration RIBS , real \u201c4\u00d74\u201d of the seas, which allow access to places where most other boats cannot go, while combining comfort, pleasure and above all SAFETY.\",\"breadcrumb\":{\"@id\":\"https:\\\/\\\/www.taksea.fr\\\/en\\\/boats-excursion-saint-raphael\\\/#breadcrumb\"},\"inLanguage\":\"en-US\",\"potentialAction\":[{\"@type\":\"ReadAction\",\"target\":[\"https:\\\/\\\/www.taksea.fr\\\/en\\\/boats-excursion-saint-raphael\\\/\"]}]},{\"@type\":\"BreadcrumbList\",\"@id\":\"https:\\\/\\\/www.taksea.fr\\\/en\\\/boats-excursion-saint-raphael\\\/#breadcrumb\",\"itemListElement\":[{\"@type\":\"ListItem\",\"position\":1,\"name\":\"Accueil\",\"item\":\"https:\\\/\\\/www.taksea.fr\\\/en\\\/\"},{\"@type\":\"ListItem\",\"position\":2,\"name\":\"The boats\"}]},{\"@type\":\"WebSite\",\"@id\":\"https:\\\/\\\/www.taksea.fr\\\/en\\\/#website\",\"url\":\"https:\\\/\\\/www.taksea.fr\\\/en\\\/\",\"name\":\"TakSea\",\"description\":\"Excursion en mer\",\"publisher\":{\"@id\":\"https:\\\/\\\/www.taksea.fr\\\/en\\\/#organization\"},\"potentialAction\":[{\"@type\":\"SearchAction\",\"target\":{\"@type\":\"EntryPoint\",\"urlTemplate\":\"https:\\\/\\\/www.taksea.fr\\\/en\\\/?s={search_term_string}\"},\"query-input\":{\"@type\":\"PropertyValueSpecification\",\"valueRequired\":true,\"valueName\":\"search_term_string\"}}],\"inLanguage\":\"en-US\"},{\"@type\":\"Organization\",\"@id\":\"https:\\\/\\\/www.taksea.fr\\\/en\\\/#organization\",\"name\":\"TakSea\",\"url\":\"https:\\\/\\\/www.taksea.fr\\\/en\\\/\",\"logo\":{\"@type\":\"ImageObject\",\"inLanguage\":\"en-US\",\"@id\":\"https:\\\/\\\/www.taksea.fr\\\/en\\\/#\\\/schema\\\/logo\\\/image\\\/\",\"url\":\"https:\\\/\\\/www.taksea.fr\\\/wp-content\\\/uploads\\\/2026\\\/04\\\/TakSea-Excursions-en-mer.jpg\",\"contentUrl\":\"https:\\\/\\\/www.taksea.fr\\\/wp-content\\\/uploads\\\/2026\\\/04\\\/TakSea-Excursions-en-mer.jpg\",\"width\":800,\"height\":800,\"caption\":\"TakSea\"},\"image\":{\"@id\":\"https:\\\/\\\/www.taksea.fr\\\/en\\\/#\\\/schema\\\/logo\\\/image\\\/\"},\"sameAs\":[\"https:\\\/\\\/www.facebook.com\\\/TakSea83700\\\/?ref=ts&fref=ts\",\"https:\\\/\\\/www.instagram.com\\\/taksea83700\",\"https:\\\/\\\/www.youtube.com\\\/channel\\\/UCoGQxRN9Z43LpJWxfn44kBw\"]}]}<\/script>\n<!-- \/ Yoast SEO plugin. -->","yoast_head_json":{"title":"Our boats - Discover our exploration boats - Comfort and pleasure","description":"Our boats are exploration RIBS , real \u201c4\u00d74\u201d of the seas, which allow access to places where most other boats cannot go, while combining comfort, pleasure and above all SAFETY.","robots":{"index":"index","follow":"follow","max-snippet":"max-snippet:-1","max-image-preview":"max-image-preview:large","max-video-preview":"max-video-preview:-1"},"canonical":"https:\/\/www.taksea.fr\/en\/boats-excursion-saint-raphael\/","og_locale":"en_US","og_type":"article","og_title":"Our boats - Discover our exploration boats - Comfort and pleasure","og_description":"Our boats are exploration RIBS , real \u201c4\u00d74\u201d of the seas, which allow access to places where most other boats cannot go, while combining comfort, pleasure and above all SAFETY.","og_url":"https:\/\/www.taksea.fr\/en\/boats-excursion-saint-raphael\/","og_site_name":"TakSea","article_publisher":"https:\/\/www.facebook.com\/TakSea83700\/?ref=ts&fref=ts","article_modified_time":"2026-04-01T15:04:00+00:00","og_image":[{"width":1697,"height":1131,"url":"https:\/\/www.taksea.fr\/wp-content\/uploads\/2026\/01\/hotspot-taksea.jpg","type":"image\/jpeg"}],"twitter_card":"summary_large_image","twitter_misc":{"Est. reading time":"2 minutes"},"schema":{"@context":"https:\/\/schema.org","@graph":[{"@type":"WebPage","@id":"https:\/\/www.taksea.fr\/en\/boats-excursion-saint-raphael\/","url":"https:\/\/www.taksea.fr\/en\/boats-excursion-saint-raphael\/","name":"Our boats - Discover our exploration boats - Comfort and pleasure","isPartOf":{"@id":"https:\/\/www.taksea.fr\/en\/#website"},"datePublished":"2026-01-09T09:56:20+00:00","dateModified":"2026-04-01T15:04:00+00:00","description":"Our boats are exploration RIBS , real \u201c4\u00d74\u201d of the seas, which allow access to places where most other boats cannot go, while combining comfort, pleasure and above all SAFETY.","breadcrumb":{"@id":"https:\/\/www.taksea.fr\/en\/boats-excursion-saint-raphael\/#breadcrumb"},"inLanguage":"en-US","potentialAction":[{"@type":"ReadAction","target":["https:\/\/www.taksea.fr\/en\/boats-excursion-saint-raphael\/"]}]},{"@type":"BreadcrumbList","@id":"https:\/\/www.taksea.fr\/en\/boats-excursion-saint-raphael\/#breadcrumb","itemListElement":[{"@type":"ListItem","position":1,"name":"Accueil","item":"https:\/\/www.taksea.fr\/en\/"},{"@type":"ListItem","position":2,"name":"The boats"}]},{"@type":"WebSite","@id":"https:\/\/www.taksea.fr\/en\/#website","url":"https:\/\/www.taksea.fr\/en\/","name":"TakSea","description":"Excursion en mer","publisher":{"@id":"https:\/\/www.taksea.fr\/en\/#organization"},"potentialAction":[{"@type":"SearchAction","target":{"@type":"EntryPoint","urlTemplate":"https:\/\/www.taksea.fr\/en\/?s={search_term_string}"},"query-input":{"@type":"PropertyValueSpecification","valueRequired":true,"valueName":"search_term_string"}}],"inLanguage":"en-US"},{"@type":"Organization","@id":"https:\/\/www.taksea.fr\/en\/#organization","name":"TakSea","url":"https:\/\/www.taksea.fr\/en\/","logo":{"@type":"ImageObject","inLanguage":"en-US","@id":"https:\/\/www.taksea.fr\/en\/#\/schema\/logo\/image\/","url":"https:\/\/www.taksea.fr\/wp-content\/uploads\/2026\/04\/TakSea-Excursions-en-mer.jpg","contentUrl":"https:\/\/www.taksea.fr\/wp-content\/uploads\/2026\/04\/TakSea-Excursions-en-mer.jpg","width":800,"height":800,"caption":"TakSea"},"image":{"@id":"https:\/\/www.taksea.fr\/en\/#\/schema\/logo\/image\/"},"sameAs":["https:\/\/www.facebook.com\/TakSea83700\/?ref=ts&fref=ts","https:\/\/www.instagram.com\/taksea83700","https:\/\/www.youtube.com\/channel\/UCoGQxRN9Z43LpJWxfn44kBw"]}]}},"_links":{"self":[{"href":"https:\/\/www.taksea.fr\/en\/wp-json\/wp\/v2\/pages\/3049","targetHints":{"allow":["GET"]}}],"collection":[{"href":"https:\/\/www.taksea.fr\/en\/wp-json\/wp\/v2\/pages"}],"about":[{"href":"https:\/\/www.taksea.fr\/en\/wp-json\/wp\/v2\/types\/page"}],"author":[{"embeddable":true,"href":"https:\/\/www.taksea.fr\/en\/wp-json\/wp\/v2\/users\/1"}],"replies":[{"embeddable":true,"href":"https:\/\/www.taksea.fr\/en\/wp-json\/wp\/v2\/comments?post=3049"}],"version-history":[{"count":0,"href":"https:\/\/www.taksea.fr\/en\/wp-json\/wp\/v2\/pages\/3049\/revisions"}],"wp:attachment":[{"href":"https:\/\/www.taksea.fr\/en\/wp-json\/wp\/v2\/media?parent=3049"}],"curies":[{"name":"wp","href":"https:\/\/api.w.org\/{rel}","templated":true}]}}